{"id":16,"date":"2017-01-25T20:24:13","date_gmt":"2017-01-25T20:24:13","guid":{"rendered":"http:\/\/elimarhighschoolnosara.com\/web\/?page_id=16"},"modified":"2019-09-18T01:04:11","modified_gmt":"2019-09-18T01:04:11","slug":"bienvenidos","status":"publish","type":"page","link":"http:\/\/elimarhighschoolnosara.com\/web\/","title":{"rendered":"Bienvenidos a ElimarHighSchoolNosara.com"},"content":{"rendered":"<div id=\"metaslider-id-132\" style=\"max-width: 675px;\" class=\"ml-slider-3-106-0 metaslider metaslider-flex metaslider-132 ml-slider has-dots-nav ms-theme-default\" role=\"region\" aria-label=\"New Slider\" data-height=\"350\" data-width=\"675\">\n    <div id=\"metaslider_container_132\">\n        <div id=\"metaslider_132\" class=\"flexslider\">\n            <ul class='slides'>\n                <li style=\"display: block; width: 100%;\" class=\"slide-338 ms-image \" aria-roledescription=\"slide\" data-date=\"2018-08-01 20:04:08\" data-filename=\"WhatsApp-Image-2018-07-30-at-3.05.01-PM-675x350.jpeg\" data-slide-type=\"image\"><img loading=\"lazy\" decoding=\"async\" src=\"http:\/\/elimarhighschoolnosara.com\/web\/wp-content\/uploads\/2018\/08\/WhatsApp-Image-2018-07-30-at-3.05.01-PM-675x350.jpeg\" height=\"350\" width=\"675\" alt=\"\" class=\"slider-132 slide-338 msDefaultImage\" title=\"Elimar HighSchool Nosara\" \/><div class=\"caption-wrap\"><div class=\"caption\">Elimar High School en Nosara, Guanacaste<\/div><\/div><\/li>\n                <li style=\"display: none; width: 100%;\" class=\"slide-134 ms-image \" aria-roledescription=\"slide\" data-date=\"2017-02-17 18:31:29\" data-filename=\"2.jpg\" data-slide-type=\"image\"><img loading=\"lazy\" decoding=\"async\" src=\"http:\/\/elimarhighschoolnosara.com\/web\/wp-content\/uploads\/2017\/02\/2.jpg\" height=\"350\" width=\"675\" alt=\"\" class=\"slider-132 slide-134 msDefaultImage\" \/><div class=\"caption-wrap\"><div class=\"caption\">Conozca los beneficios de una educaci\u00f3n integral!<\/div><\/div><\/li>\n                <li style=\"display: none; width: 100%;\" class=\"slide-135 ms-image \" aria-roledescription=\"slide\" data-date=\"2017-02-17 18:31:31\" data-filename=\"3.jpg\" data-slide-type=\"image\"><img loading=\"lazy\" decoding=\"async\" src=\"http:\/\/elimarhighschoolnosara.com\/web\/wp-content\/uploads\/2017\/02\/3.jpg\" height=\"350\" width=\"675\" alt=\"\" class=\"slider-132 slide-135 msDefaultImage\" \/><div class=\"caption-wrap\"><div class=\"caption\">Creamos espacios para el crecimiento fisico y desarrollo social.<\/div><\/div><\/li>\n                <li style=\"display: none; width: 100%;\" class=\"slide-228 ms-image \" aria-roledescription=\"slide\" data-date=\"2017-03-15 16:27:19\" data-filename=\"4.jpg\" data-slide-type=\"image\"><img loading=\"lazy\" decoding=\"async\" src=\"http:\/\/elimarhighschoolnosara.com\/web\/wp-content\/uploads\/2017\/03\/4.jpg\" height=\"350\" width=\"675\" alt=\"\" class=\"slider-132 slide-228 msDefaultImage\" \/><div class=\"caption-wrap\"><div class=\"caption\"> \"Creemos que los ni\u00f1os y las ni\u00f1as deben tener derecho a mejores formaciones acad\u00e9micas para su futuro.\"<\/div><\/div><\/li>\n            <\/ul>\n        <\/div>\n        \n    <\/div>\n<\/div>\n<h5><span style=\"color: #339966;\">Elimar High School Nosara es una institution nueva la cual abri\u00f3 sus puertas en el 2017 para recibir a sus primeros estudiantes.<\/span><\/h5>\n<h5><span style=\"color: #339966;\">Somos una instituci\u00f3n acreditada por el MEP y nos enfocamos en la educaci\u00f3n con disciplina positiva.<\/span><\/h5>\n<h5><span style=\"color: #339966;\">Contamos con dos aulas de Preescolar, seis aulas de primaria, biblioteca, sala de audiviosulaes e inform\u00e1tica, piscina, cancha de futbol 5 con c\u00e9sped natural, comedor, amplias areas verdes, espacio para siembra de vegetales, frutas entre otros alimentos que los estudiantes podr\u00e1n cultivar para cocinar y disfrutar, un play de juegos, salon multiusos y muchas actividades para el desarrollo mental ademas de f\u00edsico.<\/span><\/h5>\n<h1>Day care program<\/h1>\n\n\n<figure class=\"wp-block-image is-resized\"><img loading=\"lazy\" decoding=\"async\" src=\"http:\/\/elimarhighschoolnosara.com\/web\/wp-content\/uploads\/2019\/09\/PHOTO-2019-09-16-17-27-05-793x1024.jpg\" alt=\"\" class=\"wp-image-379\" width=\"439\" height=\"566\" srcset=\"http:\/\/elimarhighschoolnosara.com\/web\/wp-content\/uploads\/2019\/09\/PHOTO-2019-09-16-17-27-05-793x1024.jpg 793w, http:\/\/elimarhighschoolnosara.com\/web\/wp-content\/uploads\/2019\/09\/PHOTO-2019-09-16-17-27-05-232x300.jpg 232w, http:\/\/elimarhighschoolnosara.com\/web\/wp-content\/uploads\/2019\/09\/PHOTO-2019-09-16-17-27-05-768x992.jpg 768w, http:\/\/elimarhighschoolnosara.com\/web\/wp-content\/uploads\/2019\/09\/PHOTO-2019-09-16-17-27-05.jpg 991w\" sizes=\"auto, (max-width: 439px) 100vw, 439px\" \/><\/figure>\n\n\n\n<p><\/p>\n","protected":false},"excerpt":{"rendered":"<p>Elimar High School Nosara es una institution nueva la cual abri\u00f3 sus puertas en el 2017 para recibir a sus primeros estudiantes. Somos una instituci\u00f3n acreditada por el MEP y nos enfocamos en la educaci\u00f3n con disciplina positiva. Contamos con [&hellip;]<\/p>\n","protected":false},"author":1,"featured_media":0,"parent":0,"menu_order":0,"comment_status":"closed","ping_status":"closed","template":"","meta":{"footnotes":""},"class_list":["post-16","page","type-page","status-publish","hentry"],"yoast_head":"<!-- This site is optimized with the Yoast SEO plugin v27.2 - https:\/\/yoast.com\/product\/yoast-seo-wordpress\/ -->\n<title>Elimar High School, en Nosara Guanacaste, Provincia de Costa Rica<\/title>\n<meta name=\"description\" content=\"Bienvenidos a Elimar HIgh School, en Nosara Guanacaste, los invitamos a ver informacion de nuestra Matricula y Horarios, Educacion al mejor nivel!\" \/>\n<meta name=\"robots\" content=\"index, follow, max-snippet:-1, max-image-preview:large, max-video-preview:-1\" \/>\n<link rel=\"canonical\" href=\"http:\/\/elimarhighschoolnosara.com\/web\/\" \/>\n<meta property=\"og:locale\" content=\"en_US\" \/>\n<meta property=\"og:type\" content=\"article\" \/>\n<meta property=\"og:title\" content=\"Elimar High School, en Nosara Guanacaste, Provincia de Costa Rica\" \/>\n<meta property=\"og:description\" content=\"Bienvenidos a Elimar HIgh School, en Nosara Guanacaste, los invitamos a ver informacion de nuestra Matricula y Horarios, Educacion al mejor nivel!\" \/>\n<meta property=\"og:url\" content=\"http:\/\/elimarhighschoolnosara.com\/web\/\" \/>\n<meta property=\"og:site_name\" content=\"Elimar High School\" \/>\n<meta property=\"article:publisher\" content=\"https:\/\/www.facebook.com\/Elimar-HIGH-School-Nosara-338368579880942\/\" \/>\n<meta property=\"article:modified_time\" content=\"2019-09-18T01:04:11+00:00\" \/>\n<meta property=\"og:image\" content=\"http:\/\/elimarhighschoolnosara.com\/web\/wp-content\/uploads\/2019\/09\/PHOTO-2019-09-16-17-27-05-793x1024.jpg\" \/>\n<meta name=\"twitter:card\" content=\"summary_large_image\" \/>\n<meta name=\"twitter:label1\" content=\"Est. reading time\" \/>\n\t<meta name=\"twitter:data1\" content=\"1 minute\" \/>\n<script type=\"application\/ld+json\" class=\"yoast-schema-graph\">{\"@context\":\"https:\/\/schema.org\",\"@graph\":[{\"@type\":\"WebPage\",\"@id\":\"http:\/\/elimarhighschoolnosara.com\/web\/\",\"url\":\"http:\/\/elimarhighschoolnosara.com\/web\/\",\"name\":\"Elimar High School, en Nosara Guanacaste, Provincia de Costa Rica\",\"isPartOf\":{\"@id\":\"http:\/\/elimarhighschoolnosara.com\/web\/#website\"},\"primaryImageOfPage\":{\"@id\":\"http:\/\/elimarhighschoolnosara.com\/web\/#primaryimage\"},\"image\":{\"@id\":\"http:\/\/elimarhighschoolnosara.com\/web\/#primaryimage\"},\"thumbnailUrl\":\"http:\/\/elimarhighschoolnosara.com\/web\/wp-content\/uploads\/2019\/09\/PHOTO-2019-09-16-17-27-05-793x1024.jpg\",\"datePublished\":\"2017-01-25T20:24:13+00:00\",\"dateModified\":\"2019-09-18T01:04:11+00:00\",\"description\":\"Bienvenidos a Elimar HIgh School, en Nosara Guanacaste, los invitamos a ver informacion de nuestra Matricula y Horarios, Educacion al mejor nivel!\",\"breadcrumb\":{\"@id\":\"http:\/\/elimarhighschoolnosara.com\/web\/#breadcrumb\"},\"inLanguage\":\"en-US\",\"potentialAction\":[{\"@type\":\"ReadAction\",\"target\":[\"http:\/\/elimarhighschoolnosara.com\/web\/\"]}]},{\"@type\":\"ImageObject\",\"inLanguage\":\"en-US\",\"@id\":\"http:\/\/elimarhighschoolnosara.com\/web\/#primaryimage\",\"url\":\"http:\/\/elimarhighschoolnosara.com\/web\/wp-content\/uploads\/2019\/09\/PHOTO-2019-09-16-17-27-05.jpg\",\"contentUrl\":\"http:\/\/elimarhighschoolnosara.com\/web\/wp-content\/uploads\/2019\/09\/PHOTO-2019-09-16-17-27-05.jpg\",\"width\":991,\"height\":1280},{\"@type\":\"BreadcrumbList\",\"@id\":\"http:\/\/elimarhighschoolnosara.com\/web\/#breadcrumb\",\"itemListElement\":[{\"@type\":\"ListItem\",\"position\":1,\"name\":\"Home\",\"item\":\"http:\/\/elimarhighschoolnosara.com\/web\/\"},{\"@type\":\"ListItem\",\"position\":2,\"name\":\"Bienvenidos a ElimarHighSchoolNosara.com\"}]},{\"@type\":\"WebSite\",\"@id\":\"http:\/\/elimarhighschoolnosara.com\/web\/#website\",\"url\":\"http:\/\/elimarhighschoolnosara.com\/web\/\",\"name\":\"Elimar High School\",\"description\":\"Nosara, Guanacaste, Costa Rica\",\"publisher\":{\"@id\":\"http:\/\/elimarhighschoolnosara.com\/web\/#organization\"},\"potentialAction\":[{\"@type\":\"SearchAction\",\"target\":{\"@type\":\"EntryPoint\",\"urlTemplate\":\"http:\/\/elimarhighschoolnosara.com\/web\/?s={search_term_string}\"},\"query-input\":{\"@type\":\"PropertyValueSpecification\",\"valueRequired\":true,\"valueName\":\"search_term_string\"}}],\"inLanguage\":\"en-US\"},{\"@type\":\"Organization\",\"@id\":\"http:\/\/elimarhighschoolnosara.com\/web\/#organization\",\"name\":\"Elimar High School\",\"url\":\"http:\/\/elimarhighschoolnosara.com\/web\/\",\"logo\":{\"@type\":\"ImageObject\",\"inLanguage\":\"en-US\",\"@id\":\"http:\/\/elimarhighschoolnosara.com\/web\/#\/schema\/logo\/image\/\",\"url\":\"http:\/\/elimarhighschoolnosara.com\/web\/wp-content\/uploads\/2017\/01\/cropped-logoweb.jpg\",\"contentUrl\":\"http:\/\/elimarhighschoolnosara.com\/web\/wp-content\/uploads\/2017\/01\/cropped-logoweb.jpg\",\"width\":512,\"height\":512,\"caption\":\"Elimar High School\"},\"image\":{\"@id\":\"http:\/\/elimarhighschoolnosara.com\/web\/#\/schema\/logo\/image\/\"},\"sameAs\":[\"https:\/\/www.facebook.com\/Elimar-HIGH-School-Nosara-338368579880942\/\"]}]}<\/script>\n<!-- \/ Yoast SEO plugin. -->","yoast_head_json":{"title":"Elimar High School, en Nosara Guanacaste, Provincia de Costa Rica","description":"Bienvenidos a Elimar HIgh School, en Nosara Guanacaste, los invitamos a ver informacion de nuestra Matricula y Horarios, Educacion al mejor nivel!","robots":{"index":"index","follow":"follow","max-snippet":"max-snippet:-1","max-image-preview":"max-image-preview:large","max-video-preview":"max-video-preview:-1"},"canonical":"http:\/\/elimarhighschoolnosara.com\/web\/","og_locale":"en_US","og_type":"article","og_title":"Elimar High School, en Nosara Guanacaste, Provincia de Costa Rica","og_description":"Bienvenidos a Elimar HIgh School, en Nosara Guanacaste, los invitamos a ver informacion de nuestra Matricula y Horarios, Educacion al mejor nivel!","og_url":"http:\/\/elimarhighschoolnosara.com\/web\/","og_site_name":"Elimar High School","article_publisher":"https:\/\/www.facebook.com\/Elimar-HIGH-School-Nosara-338368579880942\/","article_modified_time":"2019-09-18T01:04:11+00:00","og_image":[{"url":"http:\/\/elimarhighschoolnosara.com\/web\/wp-content\/uploads\/2019\/09\/PHOTO-2019-09-16-17-27-05-793x1024.jpg","type":"","width":"","height":""}],"twitter_card":"summary_large_image","twitter_misc":{"Est. reading time":"1 minute"},"schema":{"@context":"https:\/\/schema.org","@graph":[{"@type":"WebPage","@id":"http:\/\/elimarhighschoolnosara.com\/web\/","url":"http:\/\/elimarhighschoolnosara.com\/web\/","name":"Elimar High School, en Nosara Guanacaste, Provincia de Costa Rica","isPartOf":{"@id":"http:\/\/elimarhighschoolnosara.com\/web\/#website"},"primaryImageOfPage":{"@id":"http:\/\/elimarhighschoolnosara.com\/web\/#primaryimage"},"image":{"@id":"http:\/\/elimarhighschoolnosara.com\/web\/#primaryimage"},"thumbnailUrl":"http:\/\/elimarhighschoolnosara.com\/web\/wp-content\/uploads\/2019\/09\/PHOTO-2019-09-16-17-27-05-793x1024.jpg","datePublished":"2017-01-25T20:24:13+00:00","dateModified":"2019-09-18T01:04:11+00:00","description":"Bienvenidos a Elimar HIgh School, en Nosara Guanacaste, los invitamos a ver informacion de nuestra Matricula y Horarios, Educacion al mejor nivel!","breadcrumb":{"@id":"http:\/\/elimarhighschoolnosara.com\/web\/#breadcrumb"},"inLanguage":"en-US","potentialAction":[{"@type":"ReadAction","target":["http:\/\/elimarhighschoolnosara.com\/web\/"]}]},{"@type":"ImageObject","inLanguage":"en-US","@id":"http:\/\/elimarhighschoolnosara.com\/web\/#primaryimage","url":"http:\/\/elimarhighschoolnosara.com\/web\/wp-content\/uploads\/2019\/09\/PHOTO-2019-09-16-17-27-05.jpg","contentUrl":"http:\/\/elimarhighschoolnosara.com\/web\/wp-content\/uploads\/2019\/09\/PHOTO-2019-09-16-17-27-05.jpg","width":991,"height":1280},{"@type":"BreadcrumbList","@id":"http:\/\/elimarhighschoolnosara.com\/web\/#breadcrumb","itemListElement":[{"@type":"ListItem","position":1,"name":"Home","item":"http:\/\/elimarhighschoolnosara.com\/web\/"},{"@type":"ListItem","position":2,"name":"Bienvenidos a ElimarHighSchoolNosara.com"}]},{"@type":"WebSite","@id":"http:\/\/elimarhighschoolnosara.com\/web\/#website","url":"http:\/\/elimarhighschoolnosara.com\/web\/","name":"Elimar High School","description":"Nosara, Guanacaste, Costa Rica","publisher":{"@id":"http:\/\/elimarhighschoolnosara.com\/web\/#organization"},"potentialAction":[{"@type":"SearchAction","target":{"@type":"EntryPoint","urlTemplate":"http:\/\/elimarhighschoolnosara.com\/web\/?s={search_term_string}"},"query-input":{"@type":"PropertyValueSpecification","valueRequired":true,"valueName":"search_term_string"}}],"inLanguage":"en-US"},{"@type":"Organization","@id":"http:\/\/elimarhighschoolnosara.com\/web\/#organization","name":"Elimar High School","url":"http:\/\/elimarhighschoolnosara.com\/web\/","logo":{"@type":"ImageObject","inLanguage":"en-US","@id":"http:\/\/elimarhighschoolnosara.com\/web\/#\/schema\/logo\/image\/","url":"http:\/\/elimarhighschoolnosara.com\/web\/wp-content\/uploads\/2017\/01\/cropped-logoweb.jpg","contentUrl":"http:\/\/elimarhighschoolnosara.com\/web\/wp-content\/uploads\/2017\/01\/cropped-logoweb.jpg","width":512,"height":512,"caption":"Elimar High School"},"image":{"@id":"http:\/\/elimarhighschoolnosara.com\/web\/#\/schema\/logo\/image\/"},"sameAs":["https:\/\/www.facebook.com\/Elimar-HIGH-School-Nosara-338368579880942\/"]}]}},"_links":{"self":[{"href":"http:\/\/elimarhighschoolnosara.com\/web\/wp-json\/wp\/v2\/pages\/16","targetHints":{"allow":["GET"]}}],"collection":[{"href":"http:\/\/elimarhighschoolnosara.com\/web\/wp-json\/wp\/v2\/pages"}],"about":[{"href":"http:\/\/elimarhighschoolnosara.com\/web\/wp-json\/wp\/v2\/types\/page"}],"author":[{"embeddable":true,"href":"http:\/\/elimarhighschoolnosara.com\/web\/wp-json\/wp\/v2\/users\/1"}],"replies":[{"embeddable":true,"href":"http:\/\/elimarhighschoolnosara.com\/web\/wp-json\/wp\/v2\/comments?post=16"}],"version-history":[{"count":17,"href":"http:\/\/elimarhighschoolnosara.com\/web\/wp-json\/wp\/v2\/pages\/16\/revisions"}],"predecessor-version":[{"id":396,"href":"http:\/\/elimarhighschoolnosara.com\/web\/wp-json\/wp\/v2\/pages\/16\/revisions\/396"}],"wp:attachment":[{"href":"http:\/\/elimarhighschoolnosara.com\/web\/wp-json\/wp\/v2\/media?parent=16"}],"curies":[{"name":"wp","href":"https:\/\/api.w.org\/{rel}","templated":true}]}}